{"id":3043,"date":"2021-04-02T14:55:17","date_gmt":"2021-04-02T14:55:17","guid":{"rendered":"https:\/\/azokly.com\/ace\/?page_id=3043"},"modified":"2021-05-05T19:02:26","modified_gmt":"2021-05-05T19:02:26","slug":"membership","status":"publish","type":"page","link":"https:\/\/azokly.com\/ace\/membership\/","title":{"rendered":"Membership"},"content":{"rendered":"\t\t<div data-elementor-type=\"wp-page\" data-elementor-id=\"3043\" class=\"elementor elementor-3043\">\n\t\t\t\t\t\t<div class=\"elementor-inner\">\n\t\t\t\t<div class=\"elementor-section-wrap\">\n\t\t\t\t\t\t\t\t\t<section class=\"elementor-section elementor-top-section elementor-element elementor-element-3874ba2c elementor-section-boxed elementor-section-height-default elementor-section-height-default\" data-id=\"3874ba2c\" data-element_type=\"section\" data-settings=\"{&quot;background_background&quot;:&quot;classic&quot;}\">\n\t\t\t\t\t\t<div class=\"elementor-container elementor-column-gap-default\">\n\t\t\t\t\t\t\t<div class=\"elementor-row\">\n\t\t\t\t\t<div class=\"elementor-column elementor-col-100 elementor-top-column elementor-element elementor-element-50e9a5ee\" data-id=\"50e9a5ee\" data-element_type=\"column\">\n\t\t\t<div class=\"elementor-column-wrap elementor-element-populated\">\n\t\t\t\t\t\t\t<div class=\"elementor-widget-wrap\">\n\t\t\t\t\t\t<div class=\"elementor-element elementor-element-47e4832e elementor-widget elementor-widget-heading\" data-id=\"47e4832e\" data-element_type=\"widget\" data-widget_type=\"heading.default\">\n\t\t\t\t<div class=\"elementor-widget-container\">\n\t\t\t<h2 class=\"elementor-heading-title elementor-size-default\">Membership by ACE<\/h2>\t\t<\/div>\n\t\t\t\t<\/div>\n\t\t\t\t<div class=\"elementor-element elementor-element-7c436607 elementor-widget elementor-widget-heading\" data-id=\"7c436607\" data-element_type=\"widget\" data-widget_type=\"heading.default\">\n\t\t\t\t<div class=\"elementor-widget-container\">\n\t\t\t<h2 class=\"elementor-heading-title elementor-size-default\">Commander votre carte Membership en toute simplifi\u00e9e\u2026<\/h2>\t\t<\/div>\n\t\t\t\t<\/div>\n\t\t\t\t\t\t<\/div>\n\t\t\t\t\t<\/div>\n\t\t<\/div>\n\t\t\t\t\t\t\t\t<\/div>\n\t\t\t\t\t<\/div>\n\t\t<\/section>\n\t\t\t\t<section class=\"elementor-section elementor-top-section elementor-element elementor-element-2c7ada30 elementor-section-boxed elementor-section-height-default elementor-section-height-default\" data-id=\"2c7ada30\" data-element_type=\"section\" data-settings=\"{&quot;background_background&quot;:&quot;classic&quot;}\">\n\t\t\t\t\t\t<div class=\"elementor-container elementor-column-gap-default\">\n\t\t\t\t\t\t\t<div class=\"elementor-row\">\n\t\t\t\t\t<div class=\"elementor-column elementor-col-33 elementor-top-column elementor-element elementor-element-1d293faa\" data-id=\"1d293faa\" data-element_type=\"column\">\n\t\t\t<div class=\"elementor-column-wrap elementor-element-populated\">\n\t\t\t\t\t\t\t<div class=\"elementor-widget-wrap\">\n\t\t\t\t\t\t<div class=\"elementor-element elementor-element-464acf22 bdt-icon-type-icon bdt-icon-effect-none elementor-widget elementor-widget-bdt-step-flow\" data-id=\"464acf22\" data-element_type=\"widget\" data-widget_type=\"bdt-step-flow.default\">\n\t\t\t\t<div class=\"elementor-widget-container\">\n\t\t\t        <div class=\"bdt-step-flow\">\n\n            \n                    <div class=\"bdt-step-flow-icon\">\n                <span class=\"bdt-icon-wrapper\">\n\n\n                    \n                        <i aria-hidden=\"true\" class=\"far fa-id-card\"><\/i>\n                                    <\/span>\n            <\/div>\n        \n    \n            <div class=\"bdt-step-flow-content\">\n\n                \n                    <h3 class=\"bdt-step-flow-title\">\n                <span >\n                    carte                <\/span>\n            <\/h3>\n        \n    \n                \n                                    <div class=\"bdt-step-flow-description\">\n                        S\u00e9lectionner votre carte                    <\/div>\n                \n                \n            <\/div>\n\n            \n        <\/div>\n\n        \n\t\t<\/div>\n\t\t\t\t<\/div>\n\t\t\t\t\t\t<\/div>\n\t\t\t\t\t<\/div>\n\t\t<\/div>\n\t\t\t\t<div class=\"elementor-column elementor-col-33 elementor-top-column elementor-element elementor-element-2bc83ac\" data-id=\"2bc83ac\" data-element_type=\"column\">\n\t\t\t<div class=\"elementor-column-wrap elementor-element-populated\">\n\t\t\t\t\t\t\t<div class=\"elementor-widget-wrap\">\n\t\t\t\t\t\t<div class=\"elementor-element elementor-element-639eee46 bdt-icon-type-icon bdt-icon-effect-none elementor-widget elementor-widget-bdt-step-flow\" data-id=\"639eee46\" data-element_type=\"widget\" data-widget_type=\"bdt-step-flow.default\">\n\t\t\t\t<div class=\"elementor-widget-container\">\n\t\t\t        <div class=\"bdt-step-flow\">\n\n            \n                    <div class=\"bdt-step-flow-icon\">\n                <span class=\"bdt-icon-wrapper\">\n\n\n                    \n                        <i aria-hidden=\"true\" class=\"fas fa-list-ul\"><\/i>\n                                    <\/span>\n            <\/div>\n        \n    \n            <div class=\"bdt-step-flow-content\">\n\n                \n                    <h3 class=\"bdt-step-flow-title\">\n                <span >\n                    R\u00e9sum\u00e9                <\/span>\n            <\/h3>\n        \n    \n                \n                                    <div class=\"bdt-step-flow-description\">\n                        Revoyer votre s\u00e9lection                    <\/div>\n                \n                \n            <\/div>\n\n            \n        <\/div>\n\n        \n\t\t<\/div>\n\t\t\t\t<\/div>\n\t\t\t\t\t\t<\/div>\n\t\t\t\t\t<\/div>\n\t\t<\/div>\n\t\t\t\t<div class=\"elementor-column elementor-col-33 elementor-top-column elementor-element elementor-element-3edbae42\" data-id=\"3edbae42\" data-element_type=\"column\">\n\t\t\t<div class=\"elementor-column-wrap elementor-element-populated\">\n\t\t\t\t\t\t\t<div class=\"elementor-widget-wrap\">\n\t\t\t\t\t\t<div class=\"elementor-element elementor-element-2513d4c4 bdt-icon-type-icon bdt-icon-effect-none elementor-widget elementor-widget-bdt-step-flow\" data-id=\"2513d4c4\" data-element_type=\"widget\" data-widget_type=\"bdt-step-flow.default\">\n\t\t\t\t<div class=\"elementor-widget-container\">\n\t\t\t        <div class=\"bdt-step-flow\">\n\n            \n                    <div class=\"bdt-step-flow-icon\">\n                <span class=\"bdt-icon-wrapper\">\n\n\n                    \n                        <i aria-hidden=\"true\" class=\"fas fa-id-card\"><\/i>\n                                    <\/span>\n            <\/div>\n        \n    \n            <div class=\"bdt-step-flow-content\">\n\n                \n                    <h3 class=\"bdt-step-flow-title\">\n                <span >\n                    vos coordonn\u00e9es                <\/span>\n            <\/h3>\n        \n    \n                \n                                    <div class=\"bdt-step-flow-description\">\n                        Confirmer vos coordonn\u00e9es                    <\/div>\n                \n                \n            <\/div>\n\n            \n        <\/div>\n\n        \n\t\t<\/div>\n\t\t\t\t<\/div>\n\t\t\t\t\t\t<\/div>\n\t\t\t\t\t<\/div>\n\t\t<\/div>\n\t\t\t\t\t\t\t\t<\/div>\n\t\t\t\t\t<\/div>\n\t\t<\/section>\n\t\t\t\t<section class=\"elementor-section elementor-top-section elementor-element elementor-element-2cf4d39d elementor-section-boxed elementor-section-height-default elementor-section-height-default\" data-id=\"2cf4d39d\" data-element_type=\"section\" data-settings=\"{&quot;background_background&quot;:&quot;classic&quot;}\">\n\t\t\t\t\t\t<div class=\"elementor-container elementor-column-gap-default\">\n\t\t\t\t\t\t\t<div class=\"elementor-row\">\n\t\t\t\t\t<div class=\"elementor-column elementor-col-100 elementor-top-column elementor-element elementor-element-449e34d5\" data-id=\"449e34d5\" data-element_type=\"column\">\n\t\t\t<div class=\"elementor-column-wrap elementor-element-populated\">\n\t\t\t\t\t\t\t<div class=\"elementor-widget-wrap\">\n\t\t\t\t\t\t<div class=\"elementor-element elementor-element-9086f55 elementor-widget-divider--view-line_icon elementor-view-default elementor-widget-divider--element-align-center elementor-widget elementor-widget-divider\" data-id=\"9086f55\" data-element_type=\"widget\" data-widget_type=\"divider.default\">\n\t\t\t\t<div class=\"elementor-widget-container\">\n\t\t\t\t\t<div class=\"elementor-divider\">\n\t\t\t<span class=\"elementor-divider-separator\">\n\t\t\t\t\t\t\t<div class=\"elementor-icon elementor-divider__element\">\n\t\t\t\t\t<i aria-hidden=\"true\" class=\"fas fa-vihara\"><\/i><\/div>\n\t\t\t\t\t\t<\/span>\n\t\t<\/div>\n\t\t\t\t<\/div>\n\t\t\t\t<\/div>\n\t\t\t\t\t\t<\/div>\n\t\t\t\t\t<\/div>\n\t\t<\/div>\n\t\t\t\t\t\t\t\t<\/div>\n\t\t\t\t\t<\/div>\n\t\t<\/section>\n\t\t\t\t<section class=\"elementor-section elementor-top-section elementor-element elementor-element-4e3f1127 elementor-section-boxed elementor-section-height-default elementor-section-height-default\" data-id=\"4e3f1127\" data-element_type=\"section\" data-settings=\"{&quot;background_background&quot;:&quot;classic&quot;,&quot;background_motion_fx_motion_fx_scrolling&quot;:&quot;yes&quot;,&quot;background_motion_fx_devices&quot;:[&quot;desktop&quot;,&quot;tablet&quot;,&quot;mobile&quot;]}\">\n\t\t\t\t\t\t<div class=\"elementor-container elementor-column-gap-default\">\n\t\t\t\t\t\t\t<div class=\"elementor-row\">\n\t\t\t\t\t<div class=\"elementor-column elementor-col-100 elementor-top-column elementor-element elementor-element-77427c3b\" data-id=\"77427c3b\" data-element_type=\"column\">\n\t\t\t<div class=\"elementor-column-wrap\">\n\t\t\t\t\t\t\t<div class=\"elementor-widget-wrap\">\n\t\t\t\t\t\t\t\t<\/div>\n\t\t\t\t\t<\/div>\n\t\t<\/div>\n\t\t\t\t\t\t\t\t<\/div>\n\t\t\t\t\t<\/div>\n\t\t<\/section>\n\t\t\t\t<section class=\"elementor-section elementor-top-section elementor-element elementor-element-363fe450 elementor-section-boxed elementor-section-height-default elementor-section-height-default\" data-id=\"363fe450\" data-element_type=\"section\" data-settings=\"{&quot;background_background&quot;:&quot;classic&quot;}\">\n\t\t\t\t\t\t<div class=\"elementor-container elementor-column-gap-default\">\n\t\t\t\t\t\t\t<div class=\"elementor-row\">\n\t\t\t\t\t<div class=\"elementor-column elementor-col-33 elementor-top-column elementor-element elementor-element-5dc02cf7\" data-id=\"5dc02cf7\" data-element_type=\"column\">\n\t\t\t<div class=\"elementor-column-wrap\">\n\t\t\t\t\t\t\t<div class=\"elementor-widget-wrap\">\n\t\t\t\t\t\t\t\t<\/div>\n\t\t\t\t\t<\/div>\n\t\t<\/div>\n\t\t\t\t<div class=\"elementor-column elementor-col-33 elementor-top-column elementor-element elementor-element-4f74f0e6\" data-id=\"4f74f0e6\" data-element_type=\"column\">\n\t\t\t<div class=\"elementor-column-wrap elementor-element-populated\">\n\t\t\t\t\t\t\t<div class=\"elementor-widget-wrap\">\n\t\t\t\t\t\t<div class=\"elementor-element elementor-element-6ed9d673 elementor-vertical-align-middle elementor-view-default elementor-widget elementor-widget-icon-box\" data-id=\"6ed9d673\" data-element_type=\"widget\" data-widget_type=\"icon-box.default\">\n\t\t\t\t<div class=\"elementor-widget-container\">\n\t\t\t\t\t<div class=\"elementor-icon-box-wrapper\">\n\t\t\t\t\t\t<div class=\"elementor-icon-box-content\">\n\t\t\t\t<h3 class=\"elementor-icon-box-title\">\n\t\t\t\t\t<span  >\n\t\t\t\t\t\tPaiement avec Airtel Money\t\t\t\t\t<\/span>\n\t\t\t\t<\/h3>\n\t\t\t\t\t\t\t\t\t<p class=\"elementor-icon-box-description\">\n\t\t\t\t\t\tVous pouvez facilement payer vos prestations avec Airtel Money (notre code Airtel Money est A4134) depuis votre mobile en suivant les \u00e9tapes suivantes :\t\t\t\t\t<\/p>\n\t\t\t\t\t\t\t<\/div>\n\t\t<\/div>\n\t\t\t\t<\/div>\n\t\t\t\t<\/div>\n\t\t\t\t<div class=\"elementor-element elementor-element-33f4488 elementor-icon-list--layout-traditional elementor-list-item-link-full_width elementor-widget elementor-widget-icon-list\" data-id=\"33f4488\" data-element_type=\"widget\" data-widget_type=\"icon-list.default\">\n\t\t\t\t<div class=\"elementor-widget-container\">\n\t\t\t\t\t<ul class=\"elementor-icon-list-items\">\n\t\t\t\t\t\t\t<li class=\"elementor-icon-list-item\">\n\t\t\t\t\t\t\t\t\t\t\t<span class=\"elementor-icon-list-icon\">\n\t\t\t\t\t\t\t<i aria-hidden=\"true\" class=\"far fa-arrow-alt-circle-right\"><\/i>\t\t\t\t\t\t<\/span>\n\t\t\t\t\t\t\t\t\t\t<span class=\"elementor-icon-list-text\">*150#<\/span>\n\t\t\t\t\t\t\t\t\t<\/li>\n\t\t\t\t\t\t\t\t<li class=\"elementor-icon-list-item\">\n\t\t\t\t\t\t\t\t\t\t\t<span class=\"elementor-icon-list-icon\">\n\t\t\t\t\t\t\t<i aria-hidden=\"true\" class=\"far fa-arrow-alt-circle-right\"><\/i>\t\t\t\t\t\t<\/span>\n\t\t\t\t\t\t\t\t\t\t<span class=\"elementor-icon-list-text\">Tapez 4<\/span>\n\t\t\t\t\t\t\t\t\t<\/li>\n\t\t\t\t\t\t\t\t<li class=\"elementor-icon-list-item\">\n\t\t\t\t\t\t\t\t\t\t\t<span class=\"elementor-icon-list-icon\">\n\t\t\t\t\t\t\t<i aria-hidden=\"true\" class=\"far fa-arrow-alt-circle-right\"><\/i>\t\t\t\t\t\t<\/span>\n\t\t\t\t\t\t\t\t\t\t<span class=\"elementor-icon-list-text\">Tapez 1<\/span>\n\t\t\t\t\t\t\t\t\t<\/li>\n\t\t\t\t\t\t\t\t<li class=\"elementor-icon-list-item\">\n\t\t\t\t\t\t\t\t\t\t\t<span class=\"elementor-icon-list-icon\">\n\t\t\t\t\t\t\t<i aria-hidden=\"true\" class=\"far fa-arrow-alt-circle-right\"><\/i>\t\t\t\t\t\t<\/span>\n\t\t\t\t\t\t\t\t\t\t<span class=\"elementor-icon-list-text\">Entrez le code A4134<\/span>\n\t\t\t\t\t\t\t\t\t<\/li>\n\t\t\t\t\t\t\t\t<li class=\"elementor-icon-list-item\">\n\t\t\t\t\t\t\t\t\t\t\t<span class=\"elementor-icon-list-icon\">\n\t\t\t\t\t\t\t<i aria-hidden=\"true\" class=\"far fa-arrow-alt-circle-right\"><\/i>\t\t\t\t\t\t<\/span>\n\t\t\t\t\t\t\t\t\t\t<span class=\"elementor-icon-list-text\">Tapez le montant \u00e0 payer de votre commande<\/span>\n\t\t\t\t\t\t\t\t\t<\/li>\n\t\t\t\t\t\t\t\t<li class=\"elementor-icon-list-item\">\n\t\t\t\t\t\t\t\t\t\t\t<span class=\"elementor-icon-list-icon\">\n\t\t\t\t\t\t\t<i aria-hidden=\"true\" class=\"far fa-arrow-alt-circle-right\"><\/i>\t\t\t\t\t\t<\/span>\n\t\t\t\t\t\t\t\t\t\t<span class=\"elementor-icon-list-text\">Validez par votre code secret<\/span>\n\t\t\t\t\t\t\t\t\t<\/li>\n\t\t\t\t\t\t<\/ul>\n\t\t\t\t<\/div>\n\t\t\t\t<\/div>\n\t\t\t\t<div class=\"elementor-element elementor-element-615700a7 elementor-widget elementor-widget-heading\" data-id=\"615700a7\" data-element_type=\"widget\" data-widget_type=\"heading.default\">\n\t\t\t\t<div class=\"elementor-widget-container\">\n\t\t\t<h4 class=\"elementor-heading-title elementor-size-default\">Les frais d\u2019envoi Airtel Money sont \u00e0 votre charge. Veuillez consulter la liste des frais applicables.<\/h4>\t\t<\/div>\n\t\t\t\t<\/div>\n\t\t\t\t<div class=\"elementor-element elementor-element-eccea4d elementor-widget elementor-widget-text-editor\" data-id=\"eccea4d\" data-element_type=\"widget\" data-widget_type=\"text-editor.default\">\n\t\t\t\t<div class=\"elementor-widget-container\">\n\t\t\t\t\t\t\t\t<div class=\"elementor-text-editor elementor-clearfix\">\n\t\t\t\t<p style=\"text-align: justify;\"><span style=\"font-family: arial, helvetica, sans-serif; font-size: 10pt;\">En continuant, vous acceptez les <strong><a href=\"http:\/\/azokly.com\/ace\/cgv\" target=\"_blank\" rel=\"noopener\">Conditions G\u00e9n\u00e9rales ACE<\/a><\/strong>. Nous vous contacterons par email \/ t\u00e9l\u00e9phone.<\/span><\/p>\t\t\t\t\t<\/div>\n\t\t\t\t\t\t<\/div>\n\t\t\t\t<\/div>\n\t\t\t\t\t\t<\/div>\n\t\t\t\t\t<\/div>\n\t\t<\/div>\n\t\t\t\t<div class=\"elementor-column elementor-col-33 elementor-top-column elementor-element elementor-element-2875c635\" data-id=\"2875c635\" data-element_type=\"column\">\n\t\t\t<div class=\"elementor-column-wrap\">\n\t\t\t\t\t\t\t<div class=\"elementor-widget-wrap\">\n\t\t\t\t\t\t\t\t<\/div>\n\t\t\t\t\t<\/div>\n\t\t<\/div>\n\t\t\t\t\t\t\t\t<\/div>\n\t\t\t\t\t<\/div>\n\t\t<\/section>\n\t\t\t\t\t\t\t\t\t<\/div>\n\t\t\t<\/div>\n\t\t\t\t\t<\/div>\n\t\t","protected":false},"excerpt":{"rendered":"<p>Membership by ACE Commander votre carte Membership en toute simplifi\u00e9e\u2026 carte S\u00e9lectionner votre carte R\u00e9sum\u00e9 Revoyer votre s\u00e9lection vos coordonn\u00e9es Confirmer vos coordonn\u00e9es 1&nbsp;Choix de carte2&nbsp;R\u00e9sum\u00e93&nbsp;Vos coordonn\u00e9es Votre choix de carte Membership Gold Membership \u2013 50 000 FCFA (15% de r\u00e9duction sur toutes nos prestations pendant 1 an) Diamonds Membership \u2013 100 000 FCFA (30% &hellip;<\/p>\n<p class=\"read-more\"> <a class=\"\" href=\"https:\/\/azokly.com\/ace\/membership\/\"> <span class=\"screen-reader-text\">Membership<\/span> Read More &raquo;<\/a><\/p>\n","protected":false},"author":2,"featured_media":0,"parent":0,"menu_order":0,"comment_status":"closed","ping_status":"closed","template":"elementor_header_footer","meta":{"_mi_skip_tracking":false,"_monsterinsights_sitenote_active":false,"_monsterinsights_sitenote_note":"","_monsterinsights_sitenote_category":0,"site-sidebar-layout":"no-sidebar","site-content-layout":"page-builder","ast-main-header-display":"","ast-hfb-above-header-display":"","ast-hfb-below-header-display":"","ast-hfb-mobile-header-display":"","site-post-title":"disabled","ast-breadcrumbs-content":"","ast-featured-img":"disabled","footer-sml-layout":"","theme-transparent-header-meta":"default","adv-header-id-meta":"","stick-header-meta":"","header-above-stick-meta":"","header-main-stick-meta":"","header-below-stick-meta":""},"yoast_head":"<!-- This site is optimized with the Yoast SEO plugin v19.4 - https:\/\/yoast.com\/wordpress\/plugins\/seo\/ -->\n<title>Membership - Azokly Caf\u00e9 Esthetik<\/title>\n<meta name=\"robots\" content=\"noindex, nofollow\" \/>\n<meta property=\"og:locale\" content=\"en_GB\" \/>\n<meta property=\"og:type\" content=\"article\" \/>\n<meta property=\"og:title\" content=\"Membership - Azokly Caf\u00e9 Esthetik\" \/>\n<meta property=\"og:description\" content=\"Membership by ACE Commander votre carte Membership en toute simplifi\u00e9e\u2026 carte S\u00e9lectionner votre carte R\u00e9sum\u00e9 Revoyer votre s\u00e9lection vos coordonn\u00e9es Confirmer vos coordonn\u00e9es 1&nbsp;Choix de carte2&nbsp;R\u00e9sum\u00e93&nbsp;Vos coordonn\u00e9es Votre choix de carte Membership Gold Membership \u2013 50 000 FCFA (15% de r\u00e9duction sur toutes nos prestations pendant 1 an) Diamonds Membership \u2013 100 000 FCFA (30% &hellip; Membership Read More &raquo;\" \/>\n<meta property=\"og:url\" content=\"https:\/\/azokly.com\/ace\/membership\/\" \/>\n<meta property=\"og:site_name\" content=\"Azokly Caf\u00e9 Esthetik\" \/>\n<meta property=\"article:modified_time\" content=\"2021-05-05T19:02:26+00:00\" \/>\n<meta name=\"twitter:card\" content=\"summary_large_image\" \/>\n<meta name=\"twitter:label1\" content=\"Estimated reading time\" \/>\n\t<meta name=\"twitter:data1\" content=\"2 minutes\" \/>\n<script type=\"application\/ld+json\" class=\"yoast-schema-graph\">{\"@context\":\"https:\/\/schema.org\",\"@graph\":[{\"@type\":\"Organization\",\"@id\":\"https:\/\/azokly.com\/ace\/#organization\",\"name\":\"Azokly Caf\u00e9 Esthetik\",\"url\":\"https:\/\/azokly.com\/ace\/\",\"sameAs\":[],\"logo\":{\"@type\":\"ImageObject\",\"inLanguage\":\"en-GB\",\"@id\":\"https:\/\/azokly.com\/ace\/#\/schema\/logo\/image\/\",\"url\":\"https:\/\/azokly.com\/ace\/wp-content\/uploads\/sites\/7\/2020\/11\/cropped-LogoSansBordureWeb.png\",\"contentUrl\":\"https:\/\/azokly.com\/ace\/wp-content\/uploads\/sites\/7\/2020\/11\/cropped-LogoSansBordureWeb.png\",\"width\":650,\"height\":673,\"caption\":\"Azokly Caf\u00e9 Esthetik\"},\"image\":{\"@id\":\"https:\/\/azokly.com\/ace\/#\/schema\/logo\/image\/\"}},{\"@type\":\"WebSite\",\"@id\":\"https:\/\/azokly.com\/ace\/#website\",\"url\":\"https:\/\/azokly.com\/ace\/\",\"name\":\"Azokly Caf\u00e9 Esthetik\",\"description\":\"\",\"publisher\":{\"@id\":\"https:\/\/azokly.com\/ace\/#organization\"},\"inLanguage\":\"en-GB\"},{\"@type\":[\"WebPage\",\"CheckoutPage\"],\"@id\":\"https:\/\/azokly.com\/ace\/membership\/\",\"url\":\"https:\/\/azokly.com\/ace\/membership\/\",\"name\":\"Membership - Azokly Caf\u00e9 Esthetik\",\"isPartOf\":{\"@id\":\"https:\/\/azokly.com\/ace\/#website\"},\"datePublished\":\"2021-04-02T14:55:17+00:00\",\"dateModified\":\"2021-05-05T19:02:26+00:00\",\"breadcrumb\":{\"@id\":\"https:\/\/azokly.com\/ace\/membership\/#breadcrumb\"},\"inLanguage\":\"en-GB\",\"potentialAction\":[{\"@type\":\"ReadAction\",\"target\":[\"https:\/\/azokly.com\/ace\/membership\/\"]}]},{\"@type\":\"BreadcrumbList\",\"@id\":\"https:\/\/azokly.com\/ace\/membership\/#breadcrumb\",\"itemListElement\":[{\"@type\":\"ListItem\",\"position\":1,\"name\":\"Home\",\"item\":\"https:\/\/azokly.com\/ace\/\"},{\"@type\":\"ListItem\",\"position\":2,\"name\":\"Membership\"}]}]}<\/script>\n<!-- \/ Yoast SEO plugin. -->","yoast_head_json":{"title":"Membership - Azokly Caf\u00e9 Esthetik","robots":{"index":"noindex","follow":"nofollow"},"og_locale":"en_GB","og_type":"article","og_title":"Membership - Azokly Caf\u00e9 Esthetik","og_description":"Membership by ACE Commander votre carte Membership en toute simplifi\u00e9e\u2026 carte S\u00e9lectionner votre carte R\u00e9sum\u00e9 Revoyer votre s\u00e9lection vos coordonn\u00e9es Confirmer vos coordonn\u00e9es 1&nbsp;Choix de carte2&nbsp;R\u00e9sum\u00e93&nbsp;Vos coordonn\u00e9es Votre choix de carte Membership Gold Membership \u2013 50 000 FCFA (15% de r\u00e9duction sur toutes nos prestations pendant 1 an) Diamonds Membership \u2013 100 000 FCFA (30% &hellip; Membership Read More &raquo;","og_url":"https:\/\/azokly.com\/ace\/membership\/","og_site_name":"Azokly Caf\u00e9 Esthetik","article_modified_time":"2021-05-05T19:02:26+00:00","twitter_card":"summary_large_image","twitter_misc":{"Estimated reading time":"2 minutes"},"schema":{"@context":"https:\/\/schema.org","@graph":[{"@type":"Organization","@id":"https:\/\/azokly.com\/ace\/#organization","name":"Azokly Caf\u00e9 Esthetik","url":"https:\/\/azokly.com\/ace\/","sameAs":[],"logo":{"@type":"ImageObject","inLanguage":"en-GB","@id":"https:\/\/azokly.com\/ace\/#\/schema\/logo\/image\/","url":"https:\/\/azokly.com\/ace\/wp-content\/uploads\/sites\/7\/2020\/11\/cropped-LogoSansBordureWeb.png","contentUrl":"https:\/\/azokly.com\/ace\/wp-content\/uploads\/sites\/7\/2020\/11\/cropped-LogoSansBordureWeb.png","width":650,"height":673,"caption":"Azokly Caf\u00e9 Esthetik"},"image":{"@id":"https:\/\/azokly.com\/ace\/#\/schema\/logo\/image\/"}},{"@type":"WebSite","@id":"https:\/\/azokly.com\/ace\/#website","url":"https:\/\/azokly.com\/ace\/","name":"Azokly Caf\u00e9 Esthetik","description":"","publisher":{"@id":"https:\/\/azokly.com\/ace\/#organization"},"inLanguage":"en-GB"},{"@type":["WebPage","CheckoutPage"],"@id":"https:\/\/azokly.com\/ace\/membership\/","url":"https:\/\/azokly.com\/ace\/membership\/","name":"Membership - Azokly Caf\u00e9 Esthetik","isPartOf":{"@id":"https:\/\/azokly.com\/ace\/#website"},"datePublished":"2021-04-02T14:55:17+00:00","dateModified":"2021-05-05T19:02:26+00:00","breadcrumb":{"@id":"https:\/\/azokly.com\/ace\/membership\/#breadcrumb"},"inLanguage":"en-GB","potentialAction":[{"@type":"ReadAction","target":["https:\/\/azokly.com\/ace\/membership\/"]}]},{"@type":"BreadcrumbList","@id":"https:\/\/azokly.com\/ace\/membership\/#breadcrumb","itemListElement":[{"@type":"ListItem","position":1,"name":"Home","item":"https:\/\/azokly.com\/ace\/"},{"@type":"ListItem","position":2,"name":"Membership"}]}]}},"_links":{"self":[{"href":"https:\/\/azokly.com\/ace\/wp-json\/wp\/v2\/pages\/3043"}],"collection":[{"href":"https:\/\/azokly.com\/ace\/wp-json\/wp\/v2\/pages"}],"about":[{"href":"https:\/\/azokly.com\/ace\/wp-json\/wp\/v2\/types\/page"}],"author":[{"embeddable":true,"href":"https:\/\/azokly.com\/ace\/wp-json\/wp\/v2\/users\/2"}],"replies":[{"embeddable":true,"href":"https:\/\/azokly.com\/ace\/wp-json\/wp\/v2\/comments?post=3043"}],"version-history":[{"count":0,"href":"https:\/\/azokly.com\/ace\/wp-json\/wp\/v2\/pages\/3043\/revisions"}],"wp:attachment":[{"href":"https:\/\/azokly.com\/ace\/wp-json\/wp\/v2\/media?parent=3043"}],"curies":[{"name":"wp","href":"https:\/\/api.w.org\/{rel}","templated":true}]}}