{"id":27,"date":"2021-09-20T15:03:15","date_gmt":"2021-09-20T15:03:15","guid":{"rendered":"https:\/\/azokly.com\/acm\/?page_id=27"},"modified":"2021-10-04T15:13:06","modified_gmt":"2021-10-04T15:13:06","slug":"contact","status":"publish","type":"page","link":"https:\/\/azokly.com\/acm\/contact\/","title":{"rendered":"Contact"},"content":{"rendered":"\t\t<div data-elementor-type=\"wp-page\" data-elementor-id=\"27\" class=\"elementor elementor-27\">\n\t\t\t\t\t\t\t\t\t<section class=\"elementor-section elementor-top-section elementor-element elementor-element-850d62c elementor-section-boxed elementor-section-height-default elementor-section-height-default\" data-id=\"850d62c\" data-element_type=\"section\">\n\t\t\t\t\t\t<div class=\"elementor-container elementor-column-gap-default\">\n\t\t\t\t\t<div class=\"elementor-column elementor-col-100 elementor-top-column elementor-element elementor-element-7b7cd3a\" data-id=\"7b7cd3a\" data-element_type=\"column\">\n\t\t\t<div class=\"elementor-widget-wrap elementor-element-populated\">\n\t\t\t\t\t\t\t\t<div class=\"elementor-element elementor-element-3ffb7e99 elementor-invisible elementor-widget elementor-widget-heading\" data-id=\"3ffb7e99\" data-element_type=\"widget\" data-settings=\"{&quot;_animation&quot;:&quot;fadeIn&quot;,&quot;_animation_delay&quot;:100}\" data-widget_type=\"heading.default\">\n\t\t\t\t<div class=\"elementor-widget-container\">\n\t\t\t<style>\/*! elementor - v3.11.5 - 14-03-2023 *\/\n.elementor-heading-title{padding:0;margin:0;line-height:1}.elementor-widget-heading .elementor-heading-title[class*=elementor-size-]>a{color:inherit;font-size:inherit;line-height:inherit}.elementor-widget-heading .elementor-heading-title.elementor-size-small{font-size:15px}.elementor-widget-heading .elementor-heading-title.elementor-size-medium{font-size:19px}.elementor-widget-heading .elementor-heading-title.elementor-size-large{font-size:29px}.elementor-widget-heading .elementor-heading-title.elementor-size-xl{font-size:39px}.elementor-widget-heading .elementor-heading-title.elementor-size-xxl{font-size:59px}<\/style><h2 class=\"elementor-heading-title elementor-size-default\">Contact<\/h2>\t\t<\/div>\n\t\t\t\t<\/div>\n\t\t\t\t<div class=\"elementor-element elementor-element-2a572dc elementor-widget-divider--view-line_icon elementor-view-default elementor-widget-divider--element-align-center elementor-widget elementor-widget-divider\" data-id=\"2a572dc\" data-element_type=\"widget\" data-widget_type=\"divider.default\">\n\t\t\t\t<div class=\"elementor-widget-container\">\n\t\t\t<style>\/*! elementor - v3.11.5 - 14-03-2023 *\/\n.elementor-widget-divider{--divider-border-style:none;--divider-border-width:1px;--divider-color:#2c2c2c;--divider-icon-size:20px;--divider-element-spacing:10px;--divider-pattern-height:24px;--divider-pattern-size:20px;--divider-pattern-url:none;--divider-pattern-repeat:repeat-x}.elementor-widget-divider .elementor-divider{display:flex}.elementor-widget-divider .elementor-divider__text{font-size:15px;line-height:1;max-width:95%}.elementor-widget-divider .elementor-divider__element{margin:0 var(--divider-element-spacing);flex-shrink:0}.elementor-widget-divider .elementor-icon{font-size:var(--divider-icon-size)}.elementor-widget-divider .elementor-divider-separator{display:flex;margin:0;direction:ltr}.elementor-widget-divider--view-line_icon .elementor-divider-separator,.elementor-widget-divider--view-line_text .elementor-divider-separator{align-items:center}.elementor-widget-divider--view-line_icon .elementor-divider-separator:after,.elementor-widget-divider--view-line_icon .elementor-divider-separator:before,.elementor-widget-divider--view-line_text .elementor-divider-separator:after,.elementor-widget-divider--view-line_text .elementor-divider-separator:before{display:block;content:\"\";border-bottom:0;flex-grow:1;border-top:var(--divider-border-width) var(--divider-border-style) var(--divider-color)}.elementor-widget-divider--element-align-left .elementor-divider .elementor-divider-separator>.elementor-divider__svg:first-of-type{flex-grow:0;flex-shrink:100}.elementor-widget-divider--element-align-left .elementor-divider-separator:before{content:none}.elementor-widget-divider--element-align-left .elementor-divider__element{margin-left:0}.elementor-widget-divider--element-align-right .elementor-divider .elementor-divider-separator>.elementor-divider__svg:last-of-type{flex-grow:0;flex-shrink:100}.elementor-widget-divider--element-align-right .elementor-divider-separator:after{content:none}.elementor-widget-divider--element-align-right .elementor-divider__element{margin-right:0}.elementor-widget-divider:not(.elementor-widget-divider--view-line_text):not(.elementor-widget-divider--view-line_icon) .elementor-divider-separator{border-top:var(--divider-border-width) var(--divider-border-style) var(--divider-color)}.elementor-widget-divider--separator-type-pattern{--divider-border-style:none}.elementor-widget-divider--separator-type-pattern.elementor-widget-divider--view-line .elementor-divider-separator,.elementor-widget-divider--separator-type-pattern:not(.elementor-widget-divider--view-line) .elementor-divider-separator:after,.elementor-widget-divider--separator-type-pattern:not(.elementor-widget-divider--view-line) .elementor-divider-separator:before,.elementor-widget-divider--separator-type-pattern:not([class*=elementor-widget-divider--view]) .elementor-divider-separator{width:100%;min-height:var(--divider-pattern-height);-webkit-mask-size:var(--divider-pattern-size) 100%;mask-size:var(--divider-pattern-size) 100%;-webkit-mask-repeat:var(--divider-pattern-repeat);mask-repeat:var(--divider-pattern-repeat);background-color:var(--divider-color);-webkit-mask-image:var(--divider-pattern-url);mask-image:var(--divider-pattern-url)}.elementor-widget-divider--no-spacing{--divider-pattern-size:auto}.elementor-widget-divider--bg-round{--divider-pattern-repeat:round}.rtl .elementor-widget-divider .elementor-divider__text{direction:rtl}.e-con-inner>.elementor-widget-divider,.e-con>.elementor-widget-divider{width:var(--container-widget-width,100%);--flex-grow:var(--container-widget-flex-grow)}<\/style>\t\t<div class=\"elementor-divider\">\n\t\t\t<span class=\"elementor-divider-separator\">\n\t\t\t\t\t\t\t<div class=\"elementor-icon elementor-divider__element\">\n\t\t\t\t\t<i aria-hidden=\"true\" class=\"fas fa-shopping-cart\"><\/i><\/div>\n\t\t\t\t\t\t<\/span>\n\t\t<\/div>\n\t\t\t\t<\/div>\n\t\t\t\t<\/div>\n\t\t\t\t\t<\/div>\n\t\t<\/div>\n\t\t\t\t\t\t\t<\/div>\n\t\t<\/section>\n\t\t\t\t<section class=\"elementor-section elementor-top-section elementor-element elementor-element-6e1c3733 envato-kit-141-top-0 elementor-section-boxed elementor-section-height-default elementor-section-height-default\" data-id=\"6e1c3733\" data-element_type=\"section\" data-settings=\"{&quot;background_background&quot;:&quot;classic&quot;}\">\n\t\t\t\t\t\t\t<div class=\"elementor-background-overlay\"><\/div>\n\t\t\t\t\t\t\t<div class=\"elementor-container elementor-column-gap-wider\">\n\t\t\t\t\t<div class=\"elementor-column elementor-col-50 elementor-top-column elementor-element elementor-element-264cb311\" data-id=\"264cb311\" data-element_type=\"column\">\n\t\t\t<div class=\"elementor-widget-wrap elementor-element-populated\">\n\t\t\t\t\t\t\t\t<div class=\"elementor-element elementor-element-deafc07 elementor-widget elementor-widget-image\" data-id=\"deafc07\" data-element_type=\"widget\" data-widget_type=\"image.default\">\n\t\t\t\t<div class=\"elementor-widget-container\">\n\t\t\t<style>\/*! elementor - v3.11.5 - 14-03-2023 *\/\n.elementor-widget-image{text-align:center}.elementor-widget-image a{display:inline-block}.elementor-widget-image a img[src$=\".svg\"]{width:48px}.elementor-widget-image img{vertical-align:middle;display:inline-block}<\/style>\t\t\t\t\t\t\t\t\t\t\t\t<img width=\"768\" height=\"512\" src=\"https:\/\/azokly.com\/acm\/wp-content\/uploads\/sites\/6\/2021\/09\/IMG-20210811-WA0014-768x512.jpg\" class=\"attachment-medium_large size-medium_large wp-image-75\" alt=\"acm\" srcset=\"https:\/\/azokly.com\/acm\/wp-content\/uploads\/sites\/6\/2021\/09\/IMG-20210811-WA0014-768x512.jpg 768w, https:\/\/azokly.com\/acm\/wp-content\/uploads\/sites\/6\/2021\/09\/IMG-20210811-WA0014-300x200.jpg 300w, https:\/\/azokly.com\/acm\/wp-content\/uploads\/sites\/6\/2021\/09\/IMG-20210811-WA0014-1024x683.jpg 1024w, https:\/\/azokly.com\/acm\/wp-content\/uploads\/sites\/6\/2021\/09\/IMG-20210811-WA0014.jpg 1080w\" sizes=\"(max-width: 768px) 100vw, 768px\" \/>\t\t\t\t\t\t\t\t\t\t\t\t\t\t\t<\/div>\n\t\t\t\t<\/div>\n\t\t\t\t<div class=\"elementor-element elementor-element-bf5e95a elementor-widget elementor-widget-spacer\" data-id=\"bf5e95a\" data-element_type=\"widget\" data-widget_type=\"spacer.default\">\n\t\t\t\t<div class=\"elementor-widget-container\">\n\t\t\t<style>\/*! elementor - v3.11.5 - 14-03-2023 *\/\n.elementor-column .elementor-spacer-inner{height:var(--spacer-size)}.e-con{--container-widget-width:100%}.e-con-inner>.elementor-widget-spacer,.e-con>.elementor-widget-spacer{width:var(--container-widget-width,var(--spacer-size));--align-self:var(--container-widget-align-self,initial);--flex-shrink:0}.e-con-inner>.elementor-widget-spacer>.elementor-widget-container,.e-con-inner>.elementor-widget-spacer>.elementor-widget-container>.elementor-spacer,.e-con>.elementor-widget-spacer>.elementor-widget-container,.e-con>.elementor-widget-spacer>.elementor-widget-container>.elementor-spacer{height:100%}.e-con-inner>.elementor-widget-spacer>.elementor-widget-container>.elementor-spacer>.elementor-spacer-inner,.e-con>.elementor-widget-spacer>.elementor-widget-container>.elementor-spacer>.elementor-spacer-inner{height:var(--container-widget-height,var(--spacer-size))}<\/style>\t\t<div class=\"elementor-spacer\">\n\t\t\t<div class=\"elementor-spacer-inner\"><\/div>\n\t\t<\/div>\n\t\t\t\t<\/div>\n\t\t\t\t<\/div>\n\t\t\t\t<section class=\"elementor-section elementor-inner-section elementor-element elementor-element-62868552 elementor-section-boxed elementor-section-height-default elementor-section-height-default\" data-id=\"62868552\" data-element_type=\"section\">\n\t\t\t\t\t\t<div class=\"elementor-container elementor-column-gap-no\">\n\t\t\t\t\t<div class=\"elementor-column elementor-col-100 elementor-inner-column elementor-element elementor-element-5ff7fe3e elementor-invisible\" data-id=\"5ff7fe3e\" data-element_type=\"column\" data-settings=\"{&quot;animation&quot;:&quot;fadeIn&quot;,&quot;animation_delay&quot;:150}\">\n\t\t\t<div class=\"elementor-widget-wrap elementor-element-populated\">\n\t\t\t\t\t\t\t\t<div class=\"elementor-element elementor-element-41a1a948 elementor-icon-list--layout-traditional elementor-list-item-link-full_width elementor-widget elementor-widget-icon-list\" data-id=\"41a1a948\" data-element_type=\"widget\" data-widget_type=\"icon-list.default\">\n\t\t\t\t<div class=\"elementor-widget-container\">\n\t\t\t<link rel=\"stylesheet\" href=\"https:\/\/azokly.com\/acm\/wp-content\/plugins\/elementor\/assets\/css\/widget-icon-list.min.css\">\t\t<ul class=\"elementor-icon-list-items\">\n\t\t\t\t\t\t\t<li class=\"elementor-icon-list-item\">\n\t\t\t\t\t\t\t\t\t\t\t<span class=\"elementor-icon-list-icon\">\n\t\t\t\t\t\t\t<i aria-hidden=\"true\" class=\"fas fa-map-marker-alt\"><\/i>\t\t\t\t\t\t<\/span>\n\t\t\t\t\t\t\t\t\t\t<span class=\"elementor-icon-list-text\">Carrefour L\u00e9on Mba, Station OLA Energy, Port Gentil<\/span>\n\t\t\t\t\t\t\t\t\t<\/li>\n\t\t\t\t\t\t\t\t<li class=\"elementor-icon-list-item\">\n\t\t\t\t\t\t\t\t\t\t\t<span class=\"elementor-icon-list-icon\">\n\t\t\t\t\t\t\t<i aria-hidden=\"true\" class=\"fas fa-phone\"><\/i>\t\t\t\t\t\t<\/span>\n\t\t\t\t\t\t\t\t\t\t<span class=\"elementor-icon-list-text\">+241(0)77 77 29 95<\/span>\n\t\t\t\t\t\t\t\t\t<\/li>\n\t\t\t\t\t\t\t\t<li class=\"elementor-icon-list-item\">\n\t\t\t\t\t\t\t\t\t\t\t<span class=\"elementor-icon-list-icon\">\n\t\t\t\t\t\t\t<i aria-hidden=\"true\" class=\"far fa-envelope-open\"><\/i>\t\t\t\t\t\t<\/span>\n\t\t\t\t\t\t\t\t\t\t<span class=\"elementor-icon-list-text\">acm@azokly.com<\/span>\n\t\t\t\t\t\t\t\t\t<\/li>\n\t\t\t\t\t\t\t\t<li class=\"elementor-icon-list-item\">\n\t\t\t\t\t\t\t\t\t\t\t<a href=\"https:\/\/www.facebook.com\/pages\/category\/Beauty--Cosmetic---Personal-Care\/Azokly-Caf%C3%A9-Esthetik-113568943727967\/\">\n\n\t\t\t\t\t\t\t\t\t\t\t\t<span class=\"elementor-icon-list-icon\">\n\t\t\t\t\t\t\t<i aria-hidden=\"true\" class=\"fab fa-facebook-f\"><\/i>\t\t\t\t\t\t<\/span>\n\t\t\t\t\t\t\t\t\t\t<span class=\"elementor-icon-list-text\">Azokly Caf\u00e9 Market<\/span>\n\t\t\t\t\t\t\t\t\t\t\t<\/a>\n\t\t\t\t\t\t\t\t\t<\/li>\n\t\t\t\t\t\t<\/ul>\n\t\t\t\t<\/div>\n\t\t\t\t<\/div>\n\t\t\t\t\t<\/div>\n\t\t<\/div>\n\t\t\t\t\t\t\t<\/div>\n\t\t<\/section>\n\t\t\t\t\t<\/div>\n\t\t<\/div>\n\t\t\t\t<div class=\"elementor-column elementor-col-50 elementor-top-column elementor-element elementor-element-44629d62 envato-kit-141-newsletter-inline elementor-invisible\" data-id=\"44629d62\" data-element_type=\"column\" data-settings=\"{&quot;background_background&quot;:&quot;classic&quot;,&quot;animation&quot;:&quot;pulse&quot;,&quot;animation_delay&quot;:200}\">\n\t\t\t<div class=\"elementor-widget-wrap elementor-element-populated\">\n\t\t\t\t\t\t\t\t<div class=\"elementor-element elementor-element-51a1575 elementor-widget elementor-widget-heading\" data-id=\"51a1575\" data-element_type=\"widget\" data-widget_type=\"heading.default\">\n\t\t\t\t<div class=\"elementor-widget-container\">\n\t\t\t<h4 class=\"elementor-heading-title elementor-size-default\">N\u2019h\u00e9sitez pas \u00e0 nous contacter pour toute information sur votre one stop shop !!!<\/h4>\t\t<\/div>\n\t\t\t\t<\/div>\n\t\t\t\t\t<\/div>\n\t\t<\/div>\n\t\t\t\t\t\t\t<\/div>\n\t\t<\/section>\n\t\t\t\t\t\t\t<\/div>\n\t\t","protected":false},"excerpt":{"rendered":"<p>Contact Carrefour L\u00e9on Mba, Station OLA Energy, Port Gentil +241(0)77 77 29 95 acm@azokly.com Azokly Caf\u00e9 Market N\u2019h\u00e9sitez pas \u00e0 nous contacter pour toute information sur votre one stop shop !!! Please enable JavaScript in your browser to complete this form.Nom *Num\u00e9ro de t\u00e9l\u00e9phone \/ mobile *Message *Envoyer<\/p>\n","protected":false},"author":2,"featured_media":0,"parent":0,"menu_order":0,"comment_status":"closed","ping_status":"closed","template":"elementor_header_footer","meta":{"site-sidebar-layout":"no-sidebar","site-content-layout":"page-builder","ast-main-header-display":"","ast-hfb-above-header-display":"","ast-hfb-below-header-display":"","ast-hfb-mobile-header-display":"","site-post-title":"disabled","ast-breadcrumbs-content":"","ast-featured-img":"disabled","footer-sml-layout":"","theme-transparent-header-meta":"default","adv-header-id-meta":"","stick-header-meta":"","header-above-stick-meta":"","header-main-stick-meta":"","header-below-stick-meta":""},"yoast_head":"<!-- This site is optimized with the Yoast SEO plugin v19.4 - https:\/\/yoast.com\/wordpress\/plugins\/seo\/ -->\n<title>Azokly Caf\u00e9 Market | vote one stop market \u00e0 votre \u00e9coute<\/title>\n<meta name=\"description\" content=\"Azokly Caf\u00e9 Market est \u00e0 votre \u00e9coute\u2026Contactez votre one stop market pour toute information ou question que vous puissiez avoir !!!\" \/>\n<meta name=\"robots\" content=\"index, follow, max-snippet:-1, max-image-preview:large, max-video-preview:-1\" \/>\n<link rel=\"canonical\" href=\"https:\/\/azokly.com\/acm\/contact\/\" \/>\n<meta property=\"og:locale\" content=\"en_GB\" \/>\n<meta property=\"og:type\" content=\"article\" \/>\n<meta property=\"og:title\" content=\"Azokly Caf\u00e9 Market | vote one stop market \u00e0 votre \u00e9coute\" \/>\n<meta property=\"og:description\" content=\"Azokly Caf\u00e9 Market est \u00e0 votre \u00e9coute\u2026Contactez votre one stop market pour toute information ou question que vous puissiez avoir !!!\" \/>\n<meta property=\"og:url\" content=\"https:\/\/azokly.com\/acm\/contact\/\" \/>\n<meta property=\"og:site_name\" content=\"Azokly Caf\u00e9 Market\" \/>\n<meta property=\"article:modified_time\" content=\"2021-10-04T15:13:06+00:00\" \/>\n<meta property=\"og:image\" content=\"https:\/\/azokly.com\/acm\/wp-content\/uploads\/sites\/6\/2021\/09\/IMG-20210811-WA0014-768x512.jpg\" \/>\n<meta name=\"twitter:card\" content=\"summary_large_image\" \/>\n<meta name=\"twitter:label1\" content=\"Estimated reading time\" \/>\n\t<meta name=\"twitter:data1\" content=\"1 minute\" \/>\n<script type=\"application\/ld+json\" class=\"yoast-schema-graph\">{\"@context\":\"https:\/\/schema.org\",\"@graph\":[{\"@type\":\"Organization\",\"@id\":\"https:\/\/azokly.com\/acm\/#organization\",\"name\":\"Azokly Caf\u00e9 Market\",\"url\":\"https:\/\/azokly.com\/acm\/\",\"sameAs\":[],\"logo\":{\"@type\":\"ImageObject\",\"inLanguage\":\"en-GB\",\"@id\":\"https:\/\/azokly.com\/acm\/#\/schema\/logo\/image\/\",\"url\":\"https:\/\/azokly.com\/acm\/wp-content\/uploads\/sites\/6\/2021\/09\/cropped-ACMLogoWeb.png\",\"contentUrl\":\"https:\/\/azokly.com\/acm\/wp-content\/uploads\/sites\/6\/2021\/09\/cropped-ACMLogoWeb.png\",\"width\":1000,\"height\":859,\"caption\":\"Azokly Caf\u00e9 Market\"},\"image\":{\"@id\":\"https:\/\/azokly.com\/acm\/#\/schema\/logo\/image\/\"}},{\"@type\":\"WebSite\",\"@id\":\"https:\/\/azokly.com\/acm\/#website\",\"url\":\"https:\/\/azokly.com\/acm\/\",\"name\":\"Azokly Caf\u00e9 Market\",\"description\":\"votre one stop market\",\"publisher\":{\"@id\":\"https:\/\/azokly.com\/acm\/#organization\"},\"potentialAction\":[{\"@type\":\"SearchAction\",\"target\":{\"@type\":\"EntryPoint\",\"urlTemplate\":\"https:\/\/azokly.com\/acm\/?s={search_term_string}\"},\"query-input\":\"required name=search_term_string\"}],\"inLanguage\":\"en-GB\"},{\"@type\":\"WebPage\",\"@id\":\"https:\/\/azokly.com\/acm\/contact\/\",\"url\":\"https:\/\/azokly.com\/acm\/contact\/\",\"name\":\"Azokly Caf\u00e9 Market | vote one stop market \u00e0 votre \u00e9coute\",\"isPartOf\":{\"@id\":\"https:\/\/azokly.com\/acm\/#website\"},\"datePublished\":\"2021-09-20T15:03:15+00:00\",\"dateModified\":\"2021-10-04T15:13:06+00:00\",\"description\":\"Azokly Caf\u00e9 Market est \u00e0 votre \u00e9coute\u2026Contactez votre one stop market pour toute information ou question que vous puissiez avoir !!!\",\"breadcrumb\":{\"@id\":\"https:\/\/azokly.com\/acm\/contact\/#breadcrumb\"},\"inLanguage\":\"en-GB\",\"potentialAction\":[{\"@type\":\"ReadAction\",\"target\":[\"https:\/\/azokly.com\/acm\/contact\/\"]}]},{\"@type\":\"BreadcrumbList\",\"@id\":\"https:\/\/azokly.com\/acm\/contact\/#breadcrumb\",\"itemListElement\":[{\"@type\":\"ListItem\",\"position\":1,\"name\":\"Accueil\",\"item\":\"https:\/\/azokly.com\/acm\/\"},{\"@type\":\"ListItem\",\"position\":2,\"name\":\"Contact\"}]}]}<\/script>\n<!-- \/ Yoast SEO plugin. -->","yoast_head_json":{"title":"Azokly Caf\u00e9 Market | vote one stop market \u00e0 votre \u00e9coute","description":"Azokly Caf\u00e9 Market est \u00e0 votre \u00e9coute\u2026Contactez votre one stop market pour toute information ou question que vous puissiez avoir !!!","robots":{"index":"index","follow":"follow","max-snippet":"max-snippet:-1","max-image-preview":"max-image-preview:large","max-video-preview":"max-video-preview:-1"},"canonical":"https:\/\/azokly.com\/acm\/contact\/","og_locale":"en_GB","og_type":"article","og_title":"Azokly Caf\u00e9 Market | vote one stop market \u00e0 votre \u00e9coute","og_description":"Azokly Caf\u00e9 Market est \u00e0 votre \u00e9coute\u2026Contactez votre one stop market pour toute information ou question que vous puissiez avoir !!!","og_url":"https:\/\/azokly.com\/acm\/contact\/","og_site_name":"Azokly Caf\u00e9 Market","article_modified_time":"2021-10-04T15:13:06+00:00","og_image":[{"url":"https:\/\/azokly.com\/acm\/wp-content\/uploads\/sites\/6\/2021\/09\/IMG-20210811-WA0014-768x512.jpg"}],"twitter_card":"summary_large_image","twitter_misc":{"Estimated reading time":"1 minute"},"schema":{"@context":"https:\/\/schema.org","@graph":[{"@type":"Organization","@id":"https:\/\/azokly.com\/acm\/#organization","name":"Azokly Caf\u00e9 Market","url":"https:\/\/azokly.com\/acm\/","sameAs":[],"logo":{"@type":"ImageObject","inLanguage":"en-GB","@id":"https:\/\/azokly.com\/acm\/#\/schema\/logo\/image\/","url":"https:\/\/azokly.com\/acm\/wp-content\/uploads\/sites\/6\/2021\/09\/cropped-ACMLogoWeb.png","contentUrl":"https:\/\/azokly.com\/acm\/wp-content\/uploads\/sites\/6\/2021\/09\/cropped-ACMLogoWeb.png","width":1000,"height":859,"caption":"Azokly Caf\u00e9 Market"},"image":{"@id":"https:\/\/azokly.com\/acm\/#\/schema\/logo\/image\/"}},{"@type":"WebSite","@id":"https:\/\/azokly.com\/acm\/#website","url":"https:\/\/azokly.com\/acm\/","name":"Azokly Caf\u00e9 Market","description":"votre one stop market","publisher":{"@id":"https:\/\/azokly.com\/acm\/#organization"},"potentialAction":[{"@type":"SearchAction","target":{"@type":"EntryPoint","urlTemplate":"https:\/\/azokly.com\/acm\/?s={search_term_string}"},"query-input":"required name=search_term_string"}],"inLanguage":"en-GB"},{"@type":"WebPage","@id":"https:\/\/azokly.com\/acm\/contact\/","url":"https:\/\/azokly.com\/acm\/contact\/","name":"Azokly Caf\u00e9 Market | vote one stop market \u00e0 votre \u00e9coute","isPartOf":{"@id":"https:\/\/azokly.com\/acm\/#website"},"datePublished":"2021-09-20T15:03:15+00:00","dateModified":"2021-10-04T15:13:06+00:00","description":"Azokly Caf\u00e9 Market est \u00e0 votre \u00e9coute\u2026Contactez votre one stop market pour toute information ou question que vous puissiez avoir !!!","breadcrumb":{"@id":"https:\/\/azokly.com\/acm\/contact\/#breadcrumb"},"inLanguage":"en-GB","potentialAction":[{"@type":"ReadAction","target":["https:\/\/azokly.com\/acm\/contact\/"]}]},{"@type":"BreadcrumbList","@id":"https:\/\/azokly.com\/acm\/contact\/#breadcrumb","itemListElement":[{"@type":"ListItem","position":1,"name":"Accueil","item":"https:\/\/azokly.com\/acm\/"},{"@type":"ListItem","position":2,"name":"Contact"}]}]}},"_links":{"self":[{"href":"https:\/\/azokly.com\/acm\/wp-json\/wp\/v2\/pages\/27"}],"collection":[{"href":"https:\/\/azokly.com\/acm\/wp-json\/wp\/v2\/pages"}],"about":[{"href":"https:\/\/azokly.com\/acm\/wp-json\/wp\/v2\/types\/page"}],"author":[{"embeddable":true,"href":"https:\/\/azokly.com\/acm\/wp-json\/wp\/v2\/users\/2"}],"replies":[{"embeddable":true,"href":"https:\/\/azokly.com\/acm\/wp-json\/wp\/v2\/comments?post=27"}],"version-history":[{"count":1,"href":"https:\/\/azokly.com\/acm\/wp-json\/wp\/v2\/pages\/27\/revisions"}],"predecessor-version":[{"id":340,"href":"https:\/\/azokly.com\/acm\/wp-json\/wp\/v2\/pages\/27\/revisions\/340"}],"wp:attachment":[{"href":"https:\/\/azokly.com\/acm\/wp-json\/wp\/v2\/media?parent=27"}],"curies":[{"name":"wp","href":"https:\/\/api.w.org\/{rel}","templated":true}]}}